{"id":91,"date":"2017-03-02T17:38:46","date_gmt":"2017-03-02T17:38:46","guid":{"rendered":"http:\/\/majeseg.com.br\/new\/produtos\/consorcio\/gerador37-2-2-2-3-2-2-2\/"},"modified":"2017-03-02T21:13:03","modified_gmt":"2017-03-02T21:13:03","slug":"servicos","status":"publish","type":"page","link":"https:\/\/majeseg.com.br\/?page_id=91","title":{"rendered":"Servi\u00e7os"},"content":{"rendered":"<div class=\"maj-content-layout\">\n<div class=\"maj-content-layout-row\">\n<div class=\"maj-layout-cell layout-item-0\" style=\"width: 50%;\">\n<p>Atualmente h\u00e1 uma variedade de Cons\u00f3rcios de Servi\u00e7os para assegurar que voc\u00ea consiga conquistar seus sonhos sem a necessidade de contrair d\u00edvidas. Os corretores da Majeseg s\u00e3o experientes e lhe auxiliar\u00e3o na escolha do melhor cons\u00f3rcio, e sobre sobre o plano ideal para atender \u00e0s suas necessidades.<\/p>\n<p style=\"text-align: right;\">\u00a0<a class=\"maj-button\" href=\"http:\/\/majeseg.com.br\/contato\">Consulte-nos<\/a><\/p>\n<\/div>\n<div class=\"maj-layout-cell layout-item-1\" style=\"width: 50%;\">\n<p><img loading=\"lazy\" decoding=\"async\" width=\"647\" height=\"283\" class=\"alignnone size-full wp-image-280\" src=\"http:\/\/majeseg.com.br\/new\/wp-content\/uploads\/2017\/03\/cons_servi.jpg\" alt=\"\" srcset=\"https:\/\/majeseg.com.br\/wp-content\/uploads\/2017\/03\/cons_servi.jpg 647w, https:\/\/majeseg.com.br\/wp-content\/uploads\/2017\/03\/cons_servi-300x131.jpg 300w\" sizes=\"(max-width: 647px) 100vw, 647px\" \/><\/p>\n<\/div>\n<\/div>\n<\/div>\n<div class=\"maj-content-layout layout-item-2\">\n<div class=\"maj-content-layout-row\">\n<div class=\"maj-layout-cell layout-item-3\" style=\"width: 100%;\">\n<h6>Modalidades do Cons\u00f3rcio de Servi\u00e7os<\/h6>\n<ul>\n<li>Educa\u00e7\u00e3o<\/li>\n<li>Sa\u00fade e Est\u00e9tica<\/li>\n<li>Festas<\/li>\n<li>Turismo<\/li>\n<li>Reformas<\/li>\n<li>Equipamentos Profissionais para: oficinas, gr\u00e1ficas, padarias, cl\u00ednica de sa\u00fade, academias, restaurantes, bares e a\u00e7ougues .<\/li>\n<\/ul>\n<\/div>\n<\/div>\n<\/div>\n<div class=\"maj-content-layout layout-item-2\">\n<div class=\"maj-content-layout-row\">\n<div class=\"maj-layout-cell layout-item-4\" style=\"width: 100%;\">\n<h4><span style=\"line-height: normal;\">Benef\u00edcios<\/span><\/h4>\n<ul>\n<li>O cons\u00f3rcio n\u00e3o tem juros. Por isso, voc\u00ea paga menos que em qualquer financiamento;<\/li>\n<li>Voc\u00ea sabe quanto vai pagar todo m\u00eas e pode se planejar melhor;<\/li>\n<li>Pode-se utilizar at\u00e9 30% do pr\u00f3prio cr\u00e9dito para a oferta do lance;<\/li>\n<li>Com o cr\u00e9dito liberado, voc\u00ea pode negociar o valor, e n\u00e3o prazos e juros.<\/li>\n<\/ul>\n<\/div>\n<\/div>\n<\/div>\n","protected":false},"excerpt":{"rendered":"<p>Atualmente h\u00e1 uma variedade de Cons\u00f3rcios de Servi\u00e7os para assegurar que voc\u00ea consiga conquistar seus sonhos sem a necessidade de contrair d\u00edvidas. Os corretores da Majeseg s\u00e3o experientes e lhe auxiliar\u00e3o na escolha do melhor cons\u00f3rcio, e sobre sobre o plano ideal para atender \u00e0s suas necessidades. \u00a0Consulte-nos Modalidades do Cons\u00f3rcio de Servi\u00e7os Educa\u00e7\u00e3o Sa\u00fade [&hellip;]<\/p>\n","protected":false},"author":1,"featured_media":0,"parent":0,"menu_order":19,"comment_status":"closed","ping_status":"closed","template":"","meta":{"footnotes":""},"class_list":["post-91","page","type-page","status-publish","hentry"],"_links":{"self":[{"href":"https:\/\/majeseg.com.br\/index.php?rest_route=\/wp\/v2\/pages\/91"}],"collection":[{"href":"https:\/\/majeseg.com.br\/index.php?rest_route=\/wp\/v2\/pages"}],"about":[{"href":"https:\/\/majeseg.com.br\/index.php?rest_route=\/wp\/v2\/types\/page"}],"author":[{"embeddable":true,"href":"https:\/\/majeseg.com.br\/index.php?rest_route=\/wp\/v2\/users\/1"}],"replies":[{"embeddable":true,"href":"https:\/\/majeseg.com.br\/index.php?rest_route=%2Fwp%2Fv2%2Fcomments&post=91"}],"version-history":[{"count":3,"href":"https:\/\/majeseg.com.br\/index.php?rest_route=\/wp\/v2\/pages\/91\/revisions"}],"predecessor-version":[{"id":281,"href":"https:\/\/majeseg.com.br\/index.php?rest_route=\/wp\/v2\/pages\/91\/revisions\/281"}],"wp:attachment":[{"href":"https:\/\/majeseg.com.br\/index.php?rest_route=%2Fwp%2Fv2%2Fmedia&parent=91"}],"curies":[{"name":"wp","href":"https:\/\/api.w.org\/{rel}","templated":true}]}}