{"id":79,"date":"2017-03-02T17:38:34","date_gmt":"2017-03-02T17:38:34","guid":{"rendered":"http:\/\/majeseg.com.br\/new\/produtos\/seguros\/gerador37-2-3\/"},"modified":"2017-03-02T20:09:48","modified_gmt":"2017-03-02T20:09:48","slug":"animais","status":"publish","type":"page","link":"https:\/\/majeseg.com.br\/?page_id=79","title":{"rendered":"Animais"},"content":{"rendered":"<div class=\"maj-content-layout\">\n<div class=\"maj-content-layout-row\">\n<div class=\"maj-layout-cell layout-item-0\" style=\"width: 50%;\">\n<p>A fim de proteger seu investimento no animal de torneio, guarda ou atender os produtores pecu\u00e1rios de pequeno, m\u00e9dio e grande porte as melhores companhias de seguros desenvolveram o ramo de Seguro Animal, e os corretores da Majeseg est\u00e3o preparados para esclarecer as coberturas e indeniza\u00e7\u00f5es que esta modalidade abrange.<\/p>\n<p>H\u00e1 diferentes entendimentos quanto ao Seguro Animal e para eleger qual \u00e9 a melhor op\u00e7\u00e3o para sua necessidade, \u00e9 preciso definir a prote\u00e7\u00e3o a que se destina o seguro. Esta modalidade de seguro indeniza a perda de animal considerado de elite, com linhagem diferenciada ou participante de torneios, seja dom\u00e9stico ou rural.<\/p>\n<p>O seguro pode se estender bovinos e equinos na reprodu\u00e7\u00e3o por monta natural, coleta de s\u00eamen ou transfer\u00eancia de embri\u00f5es quando relacionado com o Seguro Pecu\u00e1rio, ou ainda, indenizar a perda de animal dom\u00e9stico adaptado ao conv\u00edvio familiar, como exemplo, c\u00e3o-guia ou de guarda residencial.<\/p>\n<p>Desde a contrata\u00e7\u00e3o simplificada al\u00e9m de garantir a indeniza\u00e7\u00e3o, o seguro disp\u00f5e de servi\u00e7os 24 horas ao Segurado com atendimento de M\u00e9dico Veterin\u00e1rio em caso de doen\u00e7a, acidente, cirurgia, sacrif\u00edcio ou morte do animal.<\/p>\n<p style=\"text-align: right;\">\u00a0<a class=\"maj-button\" href=\"http:\/\/majeseg.com.br\/contato\">Consulte-nos<\/a><\/p>\n<\/div>\n<div class=\"maj-layout-cell layout-item-1\" style=\"width: 50%;\">\n<p><img loading=\"lazy\" decoding=\"async\" width=\"645\" height=\"399\" class=\"alignnone size-full wp-image-41\" src=\"http:\/\/majeseg.com.br\/new\/wp-content\/uploads\/2017\/03\/foto_animais.jpg\" alt=\"\" srcset=\"https:\/\/majeseg.com.br\/wp-content\/uploads\/2017\/03\/foto_animais.jpg 645w, https:\/\/majeseg.com.br\/wp-content\/uploads\/2017\/03\/foto_animais-300x186.jpg 300w\" sizes=\"(max-width: 645px) 100vw, 645px\" \/><\/p>\n<\/div>\n<\/div>\n<\/div>\n","protected":false},"excerpt":{"rendered":"<p>A fim de proteger seu investimento no animal de torneio, guarda ou atender os produtores pecu\u00e1rios de pequeno, m\u00e9dio e grande porte as melhores companhias de seguros desenvolveram o ramo de Seguro Animal, e os corretores da Majeseg est\u00e3o preparados para esclarecer as coberturas e indeniza\u00e7\u00f5es que esta modalidade abrange. H\u00e1 diferentes entendimentos quanto ao [&hellip;]<\/p>\n","protected":false},"author":1,"featured_media":0,"parent":0,"menu_order":7,"comment_status":"closed","ping_status":"closed","template":"","meta":{"footnotes":""},"class_list":["post-79","page","type-page","status-publish","hentry"],"_links":{"self":[{"href":"https:\/\/majeseg.com.br\/index.php?rest_route=\/wp\/v2\/pages\/79"}],"collection":[{"href":"https:\/\/majeseg.com.br\/index.php?rest_route=\/wp\/v2\/pages"}],"about":[{"href":"https:\/\/majeseg.com.br\/index.php?rest_route=\/wp\/v2\/types\/page"}],"author":[{"embeddable":true,"href":"https:\/\/majeseg.com.br\/index.php?rest_route=\/wp\/v2\/users\/1"}],"replies":[{"embeddable":true,"href":"https:\/\/majeseg.com.br\/index.php?rest_route=%2Fwp%2Fv2%2Fcomments&post=79"}],"version-history":[{"count":3,"href":"https:\/\/majeseg.com.br\/index.php?rest_route=\/wp\/v2\/pages\/79\/revisions"}],"predecessor-version":[{"id":242,"href":"https:\/\/majeseg.com.br\/index.php?rest_route=\/wp\/v2\/pages\/79\/revisions\/242"}],"wp:attachment":[{"href":"https:\/\/majeseg.com.br\/index.php?rest_route=%2Fwp%2Fv2%2Fmedia&parent=79"}],"curies":[{"name":"wp","href":"https:\/\/api.w.org\/{rel}","templated":true}]}}