{"id":77,"date":"2017-03-02T17:38:32","date_gmt":"2017-03-02T17:38:32","guid":{"rendered":"http:\/\/majeseg.com.br\/new\/produtos\/seguros\/gerador37-2\/"},"modified":"2017-03-15T19:37:17","modified_gmt":"2017-03-15T22:37:17","slug":"automovel","status":"publish","type":"page","link":"https:\/\/majeseg.com.br\/?page_id=77","title":{"rendered":"autom\u00f3vel"},"content":{"rendered":"<div class=\"maj-content-layout\">\n<div class=\"maj-content-layout-row\">\n<div class=\"maj-layout-cell layout-item-0\" style=\"width: 50%;\">\n<p>Al\u00e9m de indenizar preju\u00edzos, o Seguro Auto tamb\u00e9m facilita a sua vida e minimiza as consequ\u00eancias geradas por imprevistos que possam acontecer com voc\u00ea, com quem voc\u00ea quer bem e com o seu carro.<\/p>\n<p>H\u00e1 muitos fatores a serem classificados durante uma cota\u00e7\u00e3o, cada item \u00e9 importante para uma avalia\u00e7\u00e3o precisa que ofere\u00e7a a cobertura ideal ao melhor custo\/benef\u00edcio, visando o seguro em si, e tamb\u00e9m sua continuidade, com premia\u00e7\u00f5es e b\u00f4nus a se considerar.<\/p>\n<p>Na Majeseg voc\u00ea tem a op\u00e7\u00e3o de contratar seu seguro escolhendo as coberturas e companhias conforme sua necessidade e, o mais importante, recebendo todas as informa\u00e7\u00f5es essenciais, com clareza, para lhe dar a certeza de fazer a melhor prote\u00e7\u00e3o.<\/p>\n<p style=\"text-align: right;\">\u00a0<a class=\"maj-button\" href=\"http:\/\/majeseg.com.br\/seguro_automovel.doc\">Cota\u00e7\u00e3o Online<\/a><\/p>\n<\/div>\n<div class=\"maj-layout-cell layout-item-1\" style=\"width: 50%;\">\n<p><img decoding=\"async\" class=\"alignnone wp-image-31 size-full\" src=\"http:\/\/majeseg.com.br\/new\/wp-content\/uploads\/2017\/03\/auto_car.jpg\" width=\"100%\" height=\"\" srcset=\"https:\/\/majeseg.com.br\/wp-content\/uploads\/2017\/03\/auto_car.jpg 647w, https:\/\/majeseg.com.br\/wp-content\/uploads\/2017\/03\/auto_car-300x131.jpg 300w\" sizes=\"(max-width: 647px) 100vw, 647px\" \/><\/p>\n<\/div>\n<\/div>\n<\/div>\n","protected":false},"excerpt":{"rendered":"<p>Al\u00e9m de indenizar preju\u00edzos, o Seguro Auto tamb\u00e9m facilita a sua vida e minimiza as consequ\u00eancias geradas por imprevistos que possam acontecer com voc\u00ea, com quem voc\u00ea quer bem e com o seu carro. H\u00e1 muitos fatores a serem classificados durante uma cota\u00e7\u00e3o, cada item \u00e9 importante para uma avalia\u00e7\u00e3o precisa que ofere\u00e7a a cobertura [&hellip;]<\/p>\n","protected":false},"author":1,"featured_media":0,"parent":0,"menu_order":5,"comment_status":"closed","ping_status":"closed","template":"","meta":{"footnotes":""},"class_list":["post-77","page","type-page","status-publish","hentry"],"_links":{"self":[{"href":"https:\/\/majeseg.com.br\/index.php?rest_route=\/wp\/v2\/pages\/77"}],"collection":[{"href":"https:\/\/majeseg.com.br\/index.php?rest_route=\/wp\/v2\/pages"}],"about":[{"href":"https:\/\/majeseg.com.br\/index.php?rest_route=\/wp\/v2\/types\/page"}],"author":[{"embeddable":true,"href":"https:\/\/majeseg.com.br\/index.php?rest_route=\/wp\/v2\/users\/1"}],"replies":[{"embeddable":true,"href":"https:\/\/majeseg.com.br\/index.php?rest_route=%2Fwp%2Fv2%2Fcomments&post=77"}],"version-history":[{"count":4,"href":"https:\/\/majeseg.com.br\/index.php?rest_route=\/wp\/v2\/pages\/77\/revisions"}],"predecessor-version":[{"id":237,"href":"https:\/\/majeseg.com.br\/index.php?rest_route=\/wp\/v2\/pages\/77\/revisions\/237"}],"wp:attachment":[{"href":"https:\/\/majeseg.com.br\/index.php?rest_route=%2Fwp%2Fv2%2Fmedia&parent=77"}],"curies":[{"name":"wp","href":"https:\/\/api.w.org\/{rel}","templated":true}]}}