{"id":328,"date":"2017-03-15T18:34:35","date_gmt":"2017-03-15T21:34:35","guid":{"rendered":"http:\/\/majeseg.com.br\/home-2\/"},"modified":"2020-09-03T19:26:51","modified_gmt":"2020-09-03T22:26:51","slug":"new","status":"publish","type":"page","link":"https:\/\/majeseg.com.br\/","title":{"rendered":"new"},"content":{"rendered":"<div class=\"maj-content-layout-wrapper layout-item-0\">\n<div class=\"maj-content-layout layout-item-1\">\n<div class=\"maj-content-layout-row\">\n<div class=\"maj-layout-cell layout-item-2\" style=\"width: 100%;\"><div id=\"metaslider-id-172\" style=\"max-width: 1285px;\" class=\"ml-slider-3-109-0 metaslider metaslider-flex metaslider-172 ml-slider ms-theme-default nav-hidden\" role=\"region\" aria-label=\"home\" data-height=\"420\" data-width=\"1285\">\n    <div id=\"metaslider_container_172\">\n        <div id=\"metaslider_172\">\n            <ul class='slides'>\n                <li style=\"display: block; width: 100%;\" class=\"slide-175 ms-image \" aria-roledescription=\"slide\" data-date=\"2017-03-02 18:19:26\" data-filename=\"fianca_loca-1285x420.jpg\" data-slide-type=\"image\"><img loading=\"lazy\" decoding=\"async\" src=\"https:\/\/majeseg.com.br\/wp-content\/uploads\/2017\/03\/fianca_loca-1285x420.jpg\" height=\"420\" width=\"1285\" alt=\"\" class=\"slider-172 slide-175 msDefaultImage\" \/><\/li>\n                <li style=\"display: none; width: 100%;\" class=\"slide-174 ms-image \" aria-roledescription=\"slide\" data-date=\"2017-03-02 18:19:23\" data-filename=\"consorcio_sl-1285x420.jpg\" data-slide-type=\"image\"><img loading=\"lazy\" decoding=\"async\" src=\"https:\/\/majeseg.com.br\/wp-content\/uploads\/2017\/03\/consorcio_sl-1285x420.jpg\" height=\"420\" width=\"1285\" alt=\"\" class=\"slider-172 slide-174 msDefaultImage\" \/><\/li>\n                <li style=\"display: none; width: 100%;\" class=\"slide-173 ms-image \" aria-roledescription=\"slide\" data-date=\"2017-03-02 18:19:20\" data-filename=\"auto_sl-1285x420.jpg\" data-slide-type=\"image\"><img loading=\"lazy\" decoding=\"async\" src=\"https:\/\/majeseg.com.br\/wp-content\/uploads\/2017\/03\/auto_sl-1285x420.jpg\" height=\"420\" width=\"1285\" alt=\"\" class=\"slider-172 slide-173 msDefaultImage\" \/><\/li>\n                <li style=\"display: none; width: 100%;\" class=\"slide-176 ms-image \" aria-roledescription=\"slide\" data-date=\"2017-03-02 18:19:29\" data-filename=\"residencia_sl-1285x420.jpg\" data-slide-type=\"image\"><img loading=\"lazy\" decoding=\"async\" src=\"https:\/\/majeseg.com.br\/wp-content\/uploads\/2017\/03\/residencia_sl-1285x420.jpg\" height=\"420\" width=\"1285\" alt=\"\" class=\"slider-172 slide-176 msDefaultImage\" \/><\/li>\n            <\/ul>\n        <\/div>\n        \n    <\/div>\n<\/div><\/div>\n<\/div>\n<\/div>\n<\/div>\n<div class=\"maj-content-layout-wrapper layout-item-3\">\n<div class=\"maj-content-layout\">\n<div class=\"maj-content-layout-row\">\n<div class=\"maj-layout-cell layout-item-4\" style=\"width: 25%;\">\n<p style=\"text-align: center;\"><img loading=\"lazy\" decoding=\"async\" width=\"176\" height=\"176\" class=\"alignnone size-full wp-image-61\" src=\"https:\/\/majeseg.com.br\/wp-content\/uploads\/2017\/03\/icon_seguro_on.png\" alt=\"\" srcset=\"https:\/\/majeseg.com.br\/wp-content\/uploads\/2017\/03\/icon_seguro_on.png 176w, https:\/\/majeseg.com.br\/wp-content\/uploads\/2017\/03\/icon_seguro_on-150x150.png 150w\" sizes=\"(max-width: 176px) 100vw, 176px\" \/><\/p>\n<h2 style=\"text-align: center;\">SEGUROS<\/h2>\n<p style=\"text-align: center;\">Conhe\u00e7a os produtos oferecidos pela Majeseg e eleja o que mais se adequa \u00e0s suas necessidades<\/p>\n<\/div>\n<div class=\"maj-layout-cell layout-item-4\" style=\"width: 25%;\">\n<p style=\"text-align: center;\"><img loading=\"lazy\" decoding=\"async\" width=\"176\" height=\"176\" class=\"alignnone size-full wp-image-35\" src=\"https:\/\/majeseg.com.br\/wp-content\/uploads\/2017\/03\/icon_consorcio_on-large.png\" alt=\"\" srcset=\"https:\/\/majeseg.com.br\/wp-content\/uploads\/2017\/03\/icon_consorcio_on-large.png 176w, https:\/\/majeseg.com.br\/wp-content\/uploads\/2017\/03\/icon_consorcio_on-large-150x150.png 150w\" sizes=\"(max-width: 176px) 100vw, 176px\" \/><\/p>\n<h2 style=\"text-align: center;\">CONS\u00d3RCIO<\/h2>\n<p style=\"text-align: center;\">De seguros a cons\u00f3rcios, a equipe Majeseg est\u00e1 preparada para lhe atender com efic\u00e1cia.<\/p>\n<\/div>\n<div class=\"maj-layout-cell layout-item-4\" style=\"width: 25%;\">\n<p style=\"text-align: center;\"><img loading=\"lazy\" decoding=\"async\" width=\"176\" height=\"176\" class=\"alignnone size-full wp-image-26\" src=\"https:\/\/majeseg.com.br\/wp-content\/uploads\/2017\/03\/icon_saude_on.png\" alt=\"\" srcset=\"https:\/\/majeseg.com.br\/wp-content\/uploads\/2017\/03\/icon_saude_on.png 176w, https:\/\/majeseg.com.br\/wp-content\/uploads\/2017\/03\/icon_saude_on-150x150.png 150w\" sizes=\"(max-width: 176px) 100vw, 176px\" \/><\/p>\n<h2 style=\"text-align: center;\">SA\u00daDE<\/h2>\n<p style=\"text-align: center;\">Cota\u00e7\u00e3o com as companhias mais conceituadas nos mais diversos ramos de seguros.<\/p>\n<\/div>\n<div class=\"maj-layout-cell layout-item-4\" style=\"width: 25%;\">\n<p style=\"text-align: center;\"><img loading=\"lazy\" decoding=\"async\" width=\"176\" height=\"176\" class=\"alignnone size-full wp-image-7\" src=\"https:\/\/majeseg.com.br\/wp-content\/uploads\/2017\/03\/icon_previdencia_on-large.png\" alt=\"\" srcset=\"https:\/\/majeseg.com.br\/wp-content\/uploads\/2017\/03\/icon_previdencia_on-large.png 176w, https:\/\/majeseg.com.br\/wp-content\/uploads\/2017\/03\/icon_previdencia_on-large-150x150.png 150w\" sizes=\"(max-width: 176px) 100vw, 176px\" \/><\/p>\n<h2 style=\"text-align: center;\">PREVID\u00caNCIA<\/h2>\n<p style=\"text-align: center;\">Solicite uma cota\u00e7\u00e3o, conhe\u00e7a nosso atendimento e as vantagens em contratar com profissionais<\/p>\n<\/div>\n<\/div>\n<\/div>\n<\/div>\n<div class=\"maj-content-layout-wrapper layout-item-3\">\n<div class=\"maj-content-layout layout-item-5\">\n<div class=\"maj-content-layout-row\">\n<div class=\"maj-layout-cell layout-item-6\" style=\"width: 100%;\">\n<p style=\"text-align: center;\"><img loading=\"lazy\" decoding=\"async\" width=\"1351\" height=\"346\" class=\"alignnone size-full wp-image-439\" src=\"https:\/\/majeseg.com.br\/wp-content\/uploads\/2017\/03\/uber-1.png\" alt=\"\" srcset=\"https:\/\/majeseg.com.br\/wp-content\/uploads\/2017\/03\/uber-1.png 1351w, https:\/\/majeseg.com.br\/wp-content\/uploads\/2017\/03\/uber-1-300x77.png 300w, https:\/\/majeseg.com.br\/wp-content\/uploads\/2017\/03\/uber-1-768x197.png 768w, https:\/\/majeseg.com.br\/wp-content\/uploads\/2017\/03\/uber-1-1024x262.png 1024w\" sizes=\"(max-width: 1351px) 100vw, 1351px\" \/><\/p>\n<\/div>\n<\/div>\n<\/div>\n<\/div>\n<div class=\"maj-content-layout-wrapper layout-item-3\">\n<div class=\"maj-content-layout\">\n<div class=\"maj-content-layout-row\">\n<div class=\"maj-layout-cell layout-item-4\" style=\"width: 50%;\">\n<h1>vida<\/h1>\n<h1><img loading=\"lazy\" decoding=\"async\" width=\"299\" height=\"24\" class=\"alignnone size-full wp-image-39\" src=\"https:\/\/majeseg.com.br\/wp-content\/uploads\/2017\/03\/tmp4E9D-large.png\" alt=\"\"><\/h1>\n<p>O Seguro de Vida garante tranquilidade para voc\u00ea e para sua fam\u00edlia, nos momentos mais dif\u00edceis e, em eventualidades, garante a prote\u00e7\u00e3o financeira em casos de acidentes pessoais.<\/p>\n<p>Nossos corretores oferecem cota\u00e7\u00f5es personalizadas que se ajustam perfeitamente \u00e0s suas necessidades, porque o Seguro pode ser individual, familiar ou corporativo.<\/p>\n<p style=\"text-align: right;\">&nbsp;<a class=\"maj-button\" href=\"\/vida\">Seguro<\/a><\/p>\n<\/div>\n<div class=\"maj-layout-cell layout-item-4\" style=\"width: 50%;\">\n<h1>previd\u00eancia individual<\/h1>\n<h1><img loading=\"lazy\" decoding=\"async\" width=\"299\" height=\"24\" class=\"alignnone size-full wp-image-39\" src=\"https:\/\/majeseg.com.br\/wp-content\/uploads\/2017\/03\/tmp4E9D-large.png\" alt=\"\"><\/h1>\n<p>Quem faz as contas, logo percebe que vai ser dif\u00edcil manter o padr\u00e3o de vida na aposentadoria contando apenas com a previd\u00eancia p\u00fablica.<\/p>\n<p>Para evitar esse problema e garantir um futuro tranquilo \u00e9 que existe a Previd\u00eancia Privada, para a certeza de uma renda complementar que permitir\u00e1 a voc\u00ea e a sua fam\u00edlia manter o padr\u00e3o de vida e realizar seus projetos.<\/p>\n<p style=\"text-align: right;\">&nbsp;<a class=\"maj-button\" href=\"\/vida\">Planos<\/a><\/p>\n<\/div>\n<\/div>\n<\/div>\n<\/div>\n<div class=\"maj-content-layout-wrapper layout-item-7\">\n<div class=\"maj-content-layout layout-item-8\">\n<div class=\"maj-content-layout-row\">\n<div class=\"maj-layout-cell layout-item-9\" style=\"width: 25%; text-align: center;\"><div id=\"metaslider-id-182\" style=\"max-width: 200px; margin: 0 auto;\" class=\"ml-slider-3-109-0 metaslider metaslider-coin metaslider-182 ml-slider ms-theme-default nav-hidden\" role=\"region\" aria-label=\"produtos\" data-height=\"200\" data-width=\"200\">\n    <div id=\"metaslider_container_182\">\n        <div id='metaslider_182' class='coin-slider'>\n<a href=\"http:\/\/majeseg.com.br\/new\/individual\/\" target=\"_self\"><img loading=\"lazy\" decoding=\"async\" src=\"https:\/\/majeseg.com.br\/wp-content\/uploads\/2017\/03\/prod_prev_ind.jpg\" height=\"200\" width=\"200\" alt=\"\" class=\"slider-182 slide-310 msDefaultImage\" style=\"display: none;\" \/><\/a>\n<a href=\"http:\/\/majeseg.com.br\/new\/imovel\/\" target=\"_self\"><img loading=\"lazy\" decoding=\"async\" src=\"https:\/\/majeseg.com.br\/wp-content\/uploads\/2017\/03\/prod_cons_res.jpg\" height=\"200\" width=\"200\" alt=\"\" class=\"slider-182 slide-308 msDefaultImage\" style=\"display: none;\" \/><\/a>\n<a href=\"http:\/\/majeseg.com.br\/new\/consorcio-automovel\/\" target=\"_self\"><img loading=\"lazy\" decoding=\"async\" src=\"https:\/\/majeseg.com.br\/wp-content\/uploads\/2017\/03\/prod_cons_auto.jpg\" height=\"200\" width=\"200\" alt=\"\" class=\"slider-182 slide-307 msDefaultImage\" style=\"display: none;\" \/><\/a>\n<a href=\"http:\/\/majeseg.com.br\/new\/pme\/\" target=\"_self\"><img loading=\"lazy\" decoding=\"async\" src=\"https:\/\/majeseg.com.br\/wp-content\/uploads\/2017\/03\/prod_prev_pme.jpg\" height=\"200\" width=\"200\" alt=\"\" class=\"slider-182 slide-312 msDefaultImage\" style=\"display: none;\" \/><\/a>\n<a href=\"http:\/\/majeseg.com.br\/new\/servicos\/\" target=\"_self\"><img loading=\"lazy\" decoding=\"async\" src=\"https:\/\/majeseg.com.br\/wp-content\/uploads\/2017\/03\/prod_cons_serv.jpg\" height=\"200\" width=\"200\" alt=\"\" class=\"slider-182 slide-309 msDefaultImage\" style=\"display: none;\" \/><\/a>\n<a href=\"http:\/\/majeseg.com.br\/new\/saude\/\" target=\"_self\"><img loading=\"lazy\" decoding=\"async\" src=\"https:\/\/majeseg.com.br\/wp-content\/uploads\/2017\/03\/prod_saude.jpg\" height=\"200\" width=\"200\" alt=\"\" class=\"slider-182 slide-313 msDefaultImage\" style=\"display: none;\" \/><\/a>\n<a href=\"http:\/\/majeseg.com.br\/new\/infantil\/\" target=\"_self\"><img loading=\"lazy\" decoding=\"async\" src=\"https:\/\/majeseg.com.br\/wp-content\/uploads\/2017\/03\/prod_prev_infan.jpg\" height=\"200\" width=\"200\" alt=\"\" class=\"slider-182 slide-311 msDefaultImage\" style=\"display: none;\" \/><\/a>\n        <\/div>\n        \n    <\/div>\n<\/div><\/div>\n<div class=\"maj-layout-cell layout-item-10\" style=\"width: 60%;\">\n<p style=\"line-height: 300%; text-align: center;\"><span style=\"text-align: justify;\"><span style=\"color: #878787; font-size: 24px;\">A Majeseg Corretora de Seguros oferece qualidade, credibilidade e atendimento personalizado aos clientes, no mercado desde 1992, det\u00eam s\u00f3lida experi\u00eancia e expertise para maximizar seus benef\u00edcios e trazer diferenciais aos seus clientes.<\/span><span style=\"font-size: 18px;\">&nbsp;<\/span><\/span><\/p>\n<\/div>\n<div class=\"maj-layout-cell layout-item-10\" style=\"width: 15%;\"><\/div>\n<\/div>\n<\/div>\n<\/div>\n\n\n<p><\/p>\n","protected":false},"excerpt":{"rendered":"<p>SEGUROS Conhe\u00e7a os produtos oferecidos pela Majeseg e eleja o que mais se adequa \u00e0s suas necessidades CONS\u00d3RCIO De seguros a cons\u00f3rcios, a equipe Majeseg est\u00e1 preparada para lhe atender com efic\u00e1cia. SA\u00daDE Cota\u00e7\u00e3o com as companhias mais conceituadas nos mais diversos ramos de seguros. PREVID\u00caNCIA Solicite uma cota\u00e7\u00e3o, conhe\u00e7a nosso atendimento e as vantagens [&hellip;]<\/p>\n","protected":false},"author":1,"featured_media":0,"parent":0,"menu_order":1,"comment_status":"closed","ping_status":"closed","template":"","meta":{"footnotes":""},"class_list":["post-328","page","type-page","status-publish","hentry"],"_links":{"self":[{"href":"https:\/\/majeseg.com.br\/index.php?rest_route=\/wp\/v2\/pages\/328"}],"collection":[{"href":"https:\/\/majeseg.com.br\/index.php?rest_route=\/wp\/v2\/pages"}],"about":[{"href":"https:\/\/majeseg.com.br\/index.php?rest_route=\/wp\/v2\/types\/page"}],"author":[{"embeddable":true,"href":"https:\/\/majeseg.com.br\/index.php?rest_route=\/wp\/v2\/users\/1"}],"replies":[{"embeddable":true,"href":"https:\/\/majeseg.com.br\/index.php?rest_route=%2Fwp%2Fv2%2Fcomments&post=328"}],"version-history":[{"count":14,"href":"https:\/\/majeseg.com.br\/index.php?rest_route=\/wp\/v2\/pages\/328\/revisions"}],"predecessor-version":[{"id":2916,"href":"https:\/\/majeseg.com.br\/index.php?rest_route=\/wp\/v2\/pages\/328\/revisions\/2916"}],"wp:attachment":[{"href":"https:\/\/majeseg.com.br\/index.php?rest_route=%2Fwp%2Fv2%2Fmedia&parent=328"}],"curies":[{"name":"wp","href":"https:\/\/api.w.org\/{rel}","templated":true}]}}